{"id":778,"date":"2025-11-26T09:39:03","date_gmt":"2025-11-26T08:39:03","guid":{"rendered":"https:\/\/aux20plaisirs.fr\/?page_id=778"},"modified":"2025-12-19T16:36:38","modified_gmt":"2025-12-19T15:36:38","slug":"privatizacion-de-bares-cerca-de-toulouse","status":"publish","type":"page","link":"https:\/\/aux20plaisirs.fr\/es\/privatizacion-de-bares-cerca-de-toulouse\/","title":{"rendered":"Privatizaci\u00f3n"},"content":{"rendered":"<div data-elementor-type=\"wp-page\" data-elementor-id=\"778\" class=\"elementor elementor-778\" data-elementor-post-type=\"page\">\n\t\t\t\t<div class=\"elementor-element elementor-element-5730c0a5 e-flex e-con-boxed e-con e-parent\" data-id=\"5730c0a5\" data-element_type=\"container\" data-settings=\"{&quot;background_background&quot;:&quot;classic&quot;}\">\n\t\t\t\t\t<div class=\"e-con-inner\">\n\t\t<div class=\"elementor-element elementor-element-62b33caa e-con-full e-flex elementor-invisible e-con e-child\" data-id=\"62b33caa\" data-element_type=\"container\" data-settings=\"{&quot;animation&quot;:&quot;fadeInUp&quot;,&quot;animation_delay&quot;:&quot;200&quot;}\">\n\t\t\t\t<div class=\"elementor-element elementor-element-b923e5 elementor-widget-divider--view-line_text elementor-widget-divider--element-align-center elementor-widget elementor-widget-divider\" data-id=\"b923e5\" data-element_type=\"widget\" data-widget_type=\"divider.default\">\n\t\t\t\t\t\t\t<div class=\"elementor-divider\">\n\t\t\t<span class=\"elementor-divider-separator\">\n\t\t\t\t\t\t<\/span>\n\t\t<\/div>\n\t\t\t\t\t\t<\/div>\n\t\t\t\t<\/div>\n\t\t\t\t\t<\/div>\n\t\t\t\t<\/div>\n\t\t<div class=\"elementor-element elementor-element-b368abd e-flex e-con-boxed e-con e-parent\" data-id=\"b368abd\" data-element_type=\"container\">\n\t\t\t\t\t<div class=\"e-con-inner\">\n\t\t<div class=\"elementor-element elementor-element-125416d7 e-con-full e-flex e-con e-child\" data-id=\"125416d7\" data-element_type=\"container\">\n\t\t<div class=\"elementor-element elementor-element-460769d5 e-con-full e-flex e-con e-child\" data-id=\"460769d5\" data-element_type=\"container\">\n\t\t<div class=\"elementor-element elementor-element-a56bea4 e-con-full e-flex elementor-invisible e-con e-child\" data-id=\"a56bea4\" data-element_type=\"container\" data-settings=\"{&quot;animation&quot;:&quot;fadeIn&quot;,&quot;animation_delay&quot;:&quot;200&quot;}\">\n\t\t\t\t<div class=\"elementor-element elementor-element-5749a10 elementor-widget elementor-widget-image\" data-id=\"5749a10\" data-element_type=\"widget\" data-widget_type=\"image.default\">\n\t\t\t\t\t\t\t\t\t\t\t\t\t\t\t<img fetchpriority=\"high\" decoding=\"async\" width=\"800\" height=\"782\" src=\"https:\/\/aux20plaisirs.fr\/wp-content\/uploads\/2025\/10\/2-1024x1001.png\" class=\"attachment-large size-large wp-image-12\" alt=\"Aux 20 Plaisirs vinoteca plaisance du touch\" srcset=\"https:\/\/aux20plaisirs.fr\/wp-content\/uploads\/2025\/10\/2-1024x1001.png 1024w, https:\/\/aux20plaisirs.fr\/wp-content\/uploads\/2025\/10\/2-600x586.png 600w, https:\/\/aux20plaisirs.fr\/wp-content\/uploads\/2025\/10\/2-300x293.png 300w, https:\/\/aux20plaisirs.fr\/wp-content\/uploads\/2025\/10\/2-768x750.png 768w, https:\/\/aux20plaisirs.fr\/wp-content\/uploads\/2025\/10\/2.png 1178w\" sizes=\"(max-width: 800px) 100vw, 800px\" \/>\t\t\t\t\t\t\t\t\t\t\t\t\t\t\t<\/div>\n\t\t\t\t<div class=\"elementor-element elementor-element-19886d70 elementor-widget-divider--view-line_text elementor-widget-divider--element-align-left elementor-widget elementor-widget-divider\" data-id=\"19886d70\" data-element_type=\"widget\" data-widget_type=\"divider.default\">\n\t\t\t\t\t\t\t<div class=\"elementor-divider\">\n\t\t\t<span class=\"elementor-divider-separator\">\n\t\t\t\t\t\t\t<h2 class=\"elementor-divider__text elementor-divider__element\">\n\t\t\t\tpara sus eventos privados y profesionales\t\t\t\t<\/h2>\n\t\t\t\t\t\t<\/span>\n\t\t<\/div>\n\t\t\t\t\t\t<\/div>\n\t\t\t\t<div class=\"elementor-element elementor-element-6e56d03d elementor-widget elementor-widget-heading\" data-id=\"6e56d03d\" data-element_type=\"widget\" data-widget_type=\"heading.default\">\n\t\t\t\t\t<h2 class=\"elementor-heading-title elementor-size-default\">Privatizar en Aux 20 Plaisirs<\/h2>\t\t\t\t<\/div>\n\t\t\t\t<div class=\"elementor-element elementor-element-df45a12 elementor-widget elementor-widget-text-editor\" data-id=\"df45a12\" data-element_type=\"widget\" data-widget_type=\"text-editor.default\">\n\t\t\t\t\t\t\t\t\t<p>\u00bfBusca un bar privado cerca de Toulouse para celebrar un evento que destaque entre la multitud? Aux 20 Plaisirs le da la bienvenida en un ambiente c\u00e1lido y acogedor, ideal para reunir a sus invitados en torno a una buena comida, bebidas cuidadosamente seleccionadas y un ambiente que le har\u00e1 olvidar su vida cotidiana.<\/p><p>Situado a 20 minutos de Toulouse, nuestro establecimiento est\u00e1 pensado para los momentos importantes: aquellos que desea recordar.<\/p>\t\t\t\t\t\t\t\t<\/div>\n\t\t\t\t<div class=\"elementor-element elementor-element-5bc3283f elementor-mobile-align-center elementor-invisible elementor-widget elementor-widget-button\" data-id=\"5bc3283f\" data-element_type=\"widget\" data-settings=\"{&quot;_animation&quot;:&quot;fadeInUp&quot;,&quot;_animation_delay&quot;:&quot;600&quot;}\" data-widget_type=\"button.default\">\n\t\t\t\t\t\t\t\t\t\t<a class=\"elementor-button elementor-button-link elementor-size-sm\" href=\"\/es\/acceso-de-contacto\/\">\n\t\t\t\t\t\t<span class=\"elementor-button-content-wrapper\">\n\t\t\t\t\t\t\t\t\t<span class=\"elementor-button-text\">P\u00f3ngase en contacto con<\/span>\n\t\t\t\t\t<\/span>\n\t\t\t\t\t<\/a>\n\t\t\t\t\t\t\t\t<\/div>\n\t\t\t\t<\/div>\n\t\t\t\t<\/div>\n\t\t<div class=\"elementor-element elementor-element-120a6778 e-con-full e-flex elementor-invisible e-con e-child\" data-id=\"120a6778\" data-element_type=\"container\" data-settings=\"{&quot;background_background&quot;:&quot;slideshow&quot;,&quot;motion_fx_motion_fx_scrolling&quot;:&quot;yes&quot;,&quot;motion_fx_translateY_effect&quot;:&quot;yes&quot;,&quot;motion_fx_translateY_direction&quot;:&quot;negative&quot;,&quot;motion_fx_translateY_speed&quot;:{&quot;unit&quot;:&quot;px&quot;,&quot;size&quot;:&quot;1&quot;,&quot;sizes&quot;:[]},&quot;motion_fx_devices&quot;:[&quot;desktop&quot;],&quot;animation&quot;:&quot;fadeIn&quot;,&quot;animation_delay&quot;:&quot;400&quot;,&quot;background_slideshow_gallery&quot;:[{&quot;id&quot;:1040,&quot;url&quot;:&quot;https:\\\/\\\/aux20plaisirs.fr\\\/wp-content\\\/uploads\\\/2025\\\/12\\\/img-20251219-wa0011bar-a-vin-toulouse-plaisance-du-touch-aux-20-plaisirs-.jpg&quot;},{&quot;id&quot;:1039,&quot;url&quot;:&quot;https:\\\/\\\/aux20plaisirs.fr\\\/wp-content\\\/uploads\\\/2025\\\/12\\\/img-20251219-wa0010bar-a-vin-toulouse-plaisance-du-touch-aux-20-plaisirs-.jpg&quot;},{&quot;id&quot;:1037,&quot;url&quot;:&quot;https:\\\/\\\/aux20plaisirs.fr\\\/wp-content\\\/uploads\\\/2025\\\/12\\\/img-20251219-wa0008bar-a-vin-toulouse-plaisance-du-touch-aux-20-plaisirs-.jpg&quot;},{&quot;id&quot;:1036,&quot;url&quot;:&quot;https:\\\/\\\/aux20plaisirs.fr\\\/wp-content\\\/uploads\\\/2025\\\/12\\\/img-20251219-wa0007bar-a-vin-toulouse-plaisance-du-touch-aux-20-plaisirs-.jpg&quot;},{&quot;id&quot;:1035,&quot;url&quot;:&quot;https:\\\/\\\/aux20plaisirs.fr\\\/wp-content\\\/uploads\\\/2025\\\/12\\\/img-20251219-wa0006bar-a-vin-toulouse-plaisance-du-touch-aux-20-plaisirs-.jpg&quot;},{&quot;id&quot;:1033,&quot;url&quot;:&quot;https:\\\/\\\/aux20plaisirs.fr\\\/wp-content\\\/uploads\\\/2025\\\/12\\\/img-20251219-wa0004bar-a-vin-toulouse-plaisance-du-touch-aux-20-plaisirs-.jpg&quot;},{&quot;id&quot;:1032,&quot;url&quot;:&quot;https:\\\/\\\/aux20plaisirs.fr\\\/wp-content\\\/uploads\\\/2025\\\/12\\\/img-20251219-wa0003bar-a-vin-toulouse-plaisance-du-touch-aux-20-plaisirs-.jpg&quot;},{&quot;id&quot;:1030,&quot;url&quot;:&quot;https:\\\/\\\/aux20plaisirs.fr\\\/wp-content\\\/uploads\\\/2025\\\/12\\\/img-20251219-wa0001bar-a-vin-toulouse-plaisance-du-touch-aux-20-plaisirs-.jpg&quot;},{&quot;id&quot;:1029,&quot;url&quot;:&quot;https:\\\/\\\/aux20plaisirs.fr\\\/wp-content\\\/uploads\\\/2025\\\/12\\\/img-20251219-wa0000bar-a-vin-toulouse-plaisance-du-touch-aux-20-plaisirs-.jpg&quot;}],&quot;background_slideshow_loop&quot;:&quot;yes&quot;,&quot;background_slideshow_slide_duration&quot;:5000,&quot;background_slideshow_slide_transition&quot;:&quot;fade&quot;,&quot;background_slideshow_transition_duration&quot;:500,&quot;motion_fx_translateY_affectedRange&quot;:{&quot;unit&quot;:&quot;%&quot;,&quot;size&quot;:&quot;&quot;,&quot;sizes&quot;:{&quot;start&quot;:0,&quot;end&quot;:100}}}\">\n\t\t\t\t<\/div>\n\t\t\t\t<\/div>\n\t\t<div class=\"elementor-element elementor-element-77f12dde e-con-full e-flex e-con e-child\" data-id=\"77f12dde\" data-element_type=\"container\">\n\t\t<div class=\"elementor-element elementor-element-e53bcca e-con-full e-flex elementor-invisible e-con e-child\" data-id=\"e53bcca\" data-element_type=\"container\" data-settings=\"{&quot;background_background&quot;:&quot;classic&quot;,&quot;motion_fx_motion_fx_scrolling&quot;:&quot;yes&quot;,&quot;motion_fx_translateY_effect&quot;:&quot;yes&quot;,&quot;motion_fx_translateY_speed&quot;:{&quot;unit&quot;:&quot;px&quot;,&quot;size&quot;:&quot;1&quot;,&quot;sizes&quot;:[]},&quot;motion_fx_devices&quot;:[&quot;desktop&quot;],&quot;animation&quot;:&quot;fadeIn&quot;,&quot;animation_delay&quot;:&quot;400&quot;,&quot;motion_fx_translateY_affectedRange&quot;:{&quot;unit&quot;:&quot;%&quot;,&quot;size&quot;:&quot;&quot;,&quot;sizes&quot;:{&quot;start&quot;:0,&quot;end&quot;:100}}}\">\n\t\t\t\t<\/div>\n\t\t<div class=\"elementor-element elementor-element-7e1722af e-con-full e-flex e-con e-child\" data-id=\"7e1722af\" data-element_type=\"container\">\n\t\t<div class=\"elementor-element elementor-element-34d42399 e-con-full e-flex elementor-invisible e-con e-child\" data-id=\"34d42399\" data-element_type=\"container\" data-settings=\"{&quot;animation&quot;:&quot;fadeIn&quot;,&quot;animation_delay&quot;:&quot;200&quot;}\">\n\t\t\t\t<div class=\"elementor-element elementor-element-25a79628 elementor-widget-divider--view-line_text elementor-widget-divider--element-align-left elementor-widget elementor-widget-divider\" data-id=\"25a79628\" data-element_type=\"widget\" data-widget_type=\"divider.default\">\n\t\t\t\t\t\t\t<div class=\"elementor-divider\">\n\t\t\t<span class=\"elementor-divider-separator\">\n\t\t\t\t\t\t\t<h2 class=\"elementor-divider__text elementor-divider__element\">\n\t\t\t\tPara sus eventos cerca de Toulouse\t\t\t\t<\/h2>\n\t\t\t\t\t\t<\/span>\n\t\t<\/div>\n\t\t\t\t\t\t<\/div>\n\t\t\t\t<div class=\"elementor-element elementor-element-168ec8d elementor-widget elementor-widget-text-editor\" data-id=\"168ec8d\" data-element_type=\"widget\" data-widget_type=\"text-editor.default\">\n\t\t\t\t\t\t\t\t\t<h3 data-start=\"1237\" data-end=\"1276\">Un ambiente que marca la diferencia<\/h3><p data-start=\"1277\" data-end=\"1460\">Nuestro bar de vinos es un lugar donde uno se siente bien desde el momento en que entra. Iluminaci\u00f3n suave, decoraci\u00f3n de buen gusto, espacio c\u00f3modo... El ambiente es festivo sin ser ruidoso, elegante sin ser fr\u00edo.<\/p><h3 data-start=\"1462\" data-end=\"1495\">Un equipo que gestiona de verdad<\/h3><p data-start=\"1496\" data-end=\"1657\">Privatizar un bar no es s\u00f3lo reservar una sala. Se trata de tener a alguien que se anticipe, organice y garantice que todo funcione a la perfecci\u00f3n. Usted disfrute, nosotros nos encargamos del resto.<\/p><h3 data-start=\"1659\" data-end=\"1703\">Una gama de bebidas y golosinas<\/h3><p data-start=\"1704\" data-end=\"1914\">Una selecci\u00f3n de vinos, platos y entremeses para compartir. Le proponemos varias f\u00f3rmulas que se adaptan a su evento: aperitivo, buf\u00e9 de convivencia o a la carta in situ.<\/p><h3 data-start=\"1916\" data-end=\"1954\">Cerca de Toulouse, f\u00e1cil de llegar<\/h3><p data-start=\"1955\" data-end=\"2092\">Disfrutar\u00e1 de un agradable retiro del ajetreo y el bullicio del centro de la ciudad, sin dejar de estar cerca de Toulouse y sus alrededores.<\/p>\t\t\t\t\t\t\t\t<\/div>\n\t\t\t\t<div class=\"elementor-element elementor-element-43ce13c8 elementor-mobile-align-center elementor-invisible elementor-widget elementor-widget-button\" data-id=\"43ce13c8\" data-element_type=\"widget\" data-settings=\"{&quot;_animation&quot;:&quot;fadeInUp&quot;,&quot;_animation_delay&quot;:&quot;600&quot;}\" data-widget_type=\"button.default\">\n\t\t\t\t\t\t\t\t\t\t<a class=\"elementor-button elementor-button-link elementor-size-sm\" href=\"\/es\/acceso-de-contacto\/\">\n\t\t\t\t\t\t<span class=\"elementor-button-content-wrapper\">\n\t\t\t\t\t\t\t\t\t<span class=\"elementor-button-text\">P\u00f3ngase en contacto con<\/span>\n\t\t\t\t\t<\/span>\n\t\t\t\t\t<\/a>\n\t\t\t\t\t\t\t\t<\/div>\n\t\t\t\t<\/div>\n\t\t\t\t<\/div>\n\t\t\t\t<\/div>\n\t\t\t\t\t<\/div>\n\t\t\t\t<\/div>\n\t\t\t\t<\/div>","protected":false},"excerpt":{"rendered":"<p>para sus eventos privados y profesionales Privatizar Aux 20 Plaisirs \u00bfBusca un bar privado cerca de Toulouse para un evento que destaque entre la multitud? Aux 20 Plaisirs le da la bienvenida en un ambiente c\u00e1lido y acogedor, ideal para reunir a sus invitados en torno a una buena comida, bebidas cuidadosamente seleccionadas y un ambiente agradable.<\/p>","protected":false},"author":1,"featured_media":0,"parent":0,"menu_order":0,"comment_status":"closed","ping_status":"closed","template":"elementor_header_footer","meta":{"footnotes":""},"class_list":["post-778","page","type-page","status-publish","hentry"],"yoast_head":"<!-- This site is optimized with the Yoast SEO plugin v26.6 - https:\/\/yoast.com\/wordpress\/plugins\/seo\/ -->\n<title>Privatisation - Aux 20 Plaisirs<\/title>\n<meta name=\"description\" content=\"privatisation bar proche toulouse Aux 20 Plaisirs bar \u00e0 vins \u00e0 plaisance du Touch, afterwork amis privatisation bar proche Toulouse.\" \/>\n<meta name=\"robots\" content=\"index, follow, max-snippet:-1, max-image-preview:large, max-video-preview:-1\" \/>\n<link rel=\"canonical\" href=\"https:\/\/aux20plaisirs.fr\/es\/privatizacion-de-bares-cerca-de-toulouse\/\" \/>\n<meta property=\"og:locale\" content=\"es_ES\" \/>\n<meta property=\"og:type\" content=\"article\" \/>\n<meta property=\"og:title\" content=\"Privatisation - Aux 20 Plaisirs\" \/>\n<meta property=\"og:description\" content=\"privatisation bar proche toulouse Aux 20 Plaisirs bar \u00e0 vins \u00e0 plaisance du Touch, afterwork amis privatisation bar proche Toulouse.\" \/>\n<meta property=\"og:url\" content=\"https:\/\/aux20plaisirs.fr\/es\/privatizacion-de-bares-cerca-de-toulouse\/\" \/>\n<meta property=\"og:site_name\" content=\"Aux 20 Plaisirs\" \/>\n<meta property=\"article:modified_time\" content=\"2025-12-19T15:36:38+00:00\" \/>\n<meta property=\"og:image\" content=\"https:\/\/aux20plaisirs.fr\/wp-content\/uploads\/2025\/10\/2-1024x1001.png\" \/>\n<meta name=\"twitter:card\" content=\"summary_large_image\" \/>\n<meta name=\"twitter:label1\" content=\"Tiempo de lectura\" \/>\n\t<meta name=\"twitter:data1\" content=\"2 minutos\" \/>\n<script type=\"application\/ld+json\" class=\"yoast-schema-graph\">{\"@context\":\"https:\/\/schema.org\",\"@graph\":[{\"@type\":\"WebPage\",\"@id\":\"https:\/\/aux20plaisirs.fr\/privatisation-de-bar-proche-de-toulouse\/\",\"url\":\"https:\/\/aux20plaisirs.fr\/privatisation-de-bar-proche-de-toulouse\/\",\"name\":\"Privatisation - Aux 20 Plaisirs\",\"isPartOf\":{\"@id\":\"https:\/\/aux20plaisirs.fr\/#website\"},\"primaryImageOfPage\":{\"@id\":\"https:\/\/aux20plaisirs.fr\/privatisation-de-bar-proche-de-toulouse\/#primaryimage\"},\"image\":{\"@id\":\"https:\/\/aux20plaisirs.fr\/privatisation-de-bar-proche-de-toulouse\/#primaryimage\"},\"thumbnailUrl\":\"https:\/\/aux20plaisirs.fr\/wp-content\/uploads\/2025\/10\/2-1024x1001.png\",\"datePublished\":\"2025-11-26T08:39:03+00:00\",\"dateModified\":\"2025-12-19T15:36:38+00:00\",\"description\":\"privatisation bar proche toulouse Aux 20 Plaisirs bar \u00e0 vins \u00e0 plaisance du Touch, afterwork amis privatisation bar proche Toulouse.\",\"breadcrumb\":{\"@id\":\"https:\/\/aux20plaisirs.fr\/privatisation-de-bar-proche-de-toulouse\/#breadcrumb\"},\"inLanguage\":\"es\",\"potentialAction\":[{\"@type\":\"ReadAction\",\"target\":[\"https:\/\/aux20plaisirs.fr\/privatisation-de-bar-proche-de-toulouse\/\"]}]},{\"@type\":\"ImageObject\",\"inLanguage\":\"es\",\"@id\":\"https:\/\/aux20plaisirs.fr\/privatisation-de-bar-proche-de-toulouse\/#primaryimage\",\"url\":\"https:\/\/aux20plaisirs.fr\/wp-content\/uploads\/2025\/10\/2-1024x1001.png\",\"contentUrl\":\"https:\/\/aux20plaisirs.fr\/wp-content\/uploads\/2025\/10\/2-1024x1001.png\"},{\"@type\":\"BreadcrumbList\",\"@id\":\"https:\/\/aux20plaisirs.fr\/privatisation-de-bar-proche-de-toulouse\/#breadcrumb\",\"itemListElement\":[{\"@type\":\"ListItem\",\"position\":1,\"name\":\"Accueil\",\"item\":\"https:\/\/aux20plaisirs.fr\/\"},{\"@type\":\"ListItem\",\"position\":2,\"name\":\"Privatisation\"}]},{\"@type\":\"WebSite\",\"@id\":\"https:\/\/aux20plaisirs.fr\/#website\",\"url\":\"https:\/\/aux20plaisirs.fr\/\",\"name\":\"Aux 20 Plaisirs\",\"description\":\"\",\"publisher\":{\"@id\":\"https:\/\/aux20plaisirs.fr\/#organization\"},\"potentialAction\":[{\"@type\":\"SearchAction\",\"target\":{\"@type\":\"EntryPoint\",\"urlTemplate\":\"https:\/\/aux20plaisirs.fr\/?s={search_term_string}\"},\"query-input\":{\"@type\":\"PropertyValueSpecification\",\"valueRequired\":true,\"valueName\":\"search_term_string\"}}],\"inLanguage\":\"es\"},{\"@type\":\"Organization\",\"@id\":\"https:\/\/aux20plaisirs.fr\/#organization\",\"name\":\"Aux 20 Plaisirs\",\"url\":\"https:\/\/aux20plaisirs.fr\/\",\"logo\":{\"@type\":\"ImageObject\",\"inLanguage\":\"es\",\"@id\":\"https:\/\/aux20plaisirs.fr\/#\/schema\/logo\/image\/\",\"url\":\"https:\/\/aux20plaisirs.fr\/wp-content\/uploads\/2025\/10\/2.png\",\"contentUrl\":\"https:\/\/aux20plaisirs.fr\/wp-content\/uploads\/2025\/10\/2.png\",\"width\":1178,\"height\":1151,\"caption\":\"Aux 20 Plaisirs\"},\"image\":{\"@id\":\"https:\/\/aux20plaisirs.fr\/#\/schema\/logo\/image\/\"}}]}<\/script>\n<!-- \/ Yoast SEO plugin. -->","yoast_head_json":{"title":"Privatizaci\u00f3n - Aux 20 Plaisirs","description":"bar privado cerca de toulouse Aux 20 Plaisirs bar de vinos en plaisance du Touch, afterwork amigos bar privado cerca de Toulouse.","robots":{"index":"index","follow":"follow","max-snippet":"max-snippet:-1","max-image-preview":"max-image-preview:large","max-video-preview":"max-video-preview:-1"},"canonical":"https:\/\/aux20plaisirs.fr\/es\/privatizacion-de-bares-cerca-de-toulouse\/","og_locale":"es_ES","og_type":"article","og_title":"Privatisation - Aux 20 Plaisirs","og_description":"privatisation bar proche toulouse Aux 20 Plaisirs bar \u00e0 vins \u00e0 plaisance du Touch, afterwork amis privatisation bar proche Toulouse.","og_url":"https:\/\/aux20plaisirs.fr\/es\/privatizacion-de-bares-cerca-de-toulouse\/","og_site_name":"Aux 20 Plaisirs","article_modified_time":"2025-12-19T15:36:38+00:00","og_image":[{"url":"https:\/\/aux20plaisirs.fr\/wp-content\/uploads\/2025\/10\/2-1024x1001.png","type":"","width":"","height":""}],"twitter_card":"summary_large_image","twitter_misc":{"Tiempo de lectura":"2 minutos"},"schema":{"@context":"https:\/\/schema.org","@graph":[{"@type":"WebPage","@id":"https:\/\/aux20plaisirs.fr\/privatisation-de-bar-proche-de-toulouse\/","url":"https:\/\/aux20plaisirs.fr\/privatisation-de-bar-proche-de-toulouse\/","name":"Privatizaci\u00f3n - Aux 20 Plaisirs","isPartOf":{"@id":"https:\/\/aux20plaisirs.fr\/#website"},"primaryImageOfPage":{"@id":"https:\/\/aux20plaisirs.fr\/privatisation-de-bar-proche-de-toulouse\/#primaryimage"},"image":{"@id":"https:\/\/aux20plaisirs.fr\/privatisation-de-bar-proche-de-toulouse\/#primaryimage"},"thumbnailUrl":"https:\/\/aux20plaisirs.fr\/wp-content\/uploads\/2025\/10\/2-1024x1001.png","datePublished":"2025-11-26T08:39:03+00:00","dateModified":"2025-12-19T15:36:38+00:00","description":"bar privado cerca de toulouse Aux 20 Plaisirs bar de vinos en plaisance du Touch, afterwork amigos bar privado cerca de Toulouse.","breadcrumb":{"@id":"https:\/\/aux20plaisirs.fr\/privatisation-de-bar-proche-de-toulouse\/#breadcrumb"},"inLanguage":"es","potentialAction":[{"@type":"ReadAction","target":["https:\/\/aux20plaisirs.fr\/privatisation-de-bar-proche-de-toulouse\/"]}]},{"@type":"ImageObject","inLanguage":"es","@id":"https:\/\/aux20plaisirs.fr\/privatisation-de-bar-proche-de-toulouse\/#primaryimage","url":"https:\/\/aux20plaisirs.fr\/wp-content\/uploads\/2025\/10\/2-1024x1001.png","contentUrl":"https:\/\/aux20plaisirs.fr\/wp-content\/uploads\/2025\/10\/2-1024x1001.png"},{"@type":"BreadcrumbList","@id":"https:\/\/aux20plaisirs.fr\/privatisation-de-bar-proche-de-toulouse\/#breadcrumb","itemListElement":[{"@type":"ListItem","position":1,"name":"Accueil","item":"https:\/\/aux20plaisirs.fr\/"},{"@type":"ListItem","position":2,"name":"Privatisation"}]},{"@type":"WebSite","@id":"https:\/\/aux20plaisirs.fr\/#website","url":"https:\/\/aux20plaisirs.fr\/","name":"Aux 20 Plaisirs","description":"","publisher":{"@id":"https:\/\/aux20plaisirs.fr\/#organization"},"potentialAction":[{"@type":"SearchAction","target":{"@type":"EntryPoint","urlTemplate":"https:\/\/aux20plaisirs.fr\/?s={search_term_string}"},"query-input":{"@type":"PropertyValueSpecification","valueRequired":true,"valueName":"search_term_string"}}],"inLanguage":"es"},{"@type":"Organization","@id":"https:\/\/aux20plaisirs.fr\/#organization","name":"Aux 20 Plaisirs","url":"https:\/\/aux20plaisirs.fr\/","logo":{"@type":"ImageObject","inLanguage":"es","@id":"https:\/\/aux20plaisirs.fr\/#\/schema\/logo\/image\/","url":"https:\/\/aux20plaisirs.fr\/wp-content\/uploads\/2025\/10\/2.png","contentUrl":"https:\/\/aux20plaisirs.fr\/wp-content\/uploads\/2025\/10\/2.png","width":1178,"height":1151,"caption":"Aux 20 Plaisirs"},"image":{"@id":"https:\/\/aux20plaisirs.fr\/#\/schema\/logo\/image\/"}}]}},"_links":{"self":[{"href":"https:\/\/aux20plaisirs.fr\/es\/wp-json\/wp\/v2\/pages\/778","targetHints":{"allow":["GET"]}}],"collection":[{"href":"https:\/\/aux20plaisirs.fr\/es\/wp-json\/wp\/v2\/pages"}],"about":[{"href":"https:\/\/aux20plaisirs.fr\/es\/wp-json\/wp\/v2\/types\/page"}],"author":[{"embeddable":true,"href":"https:\/\/aux20plaisirs.fr\/es\/wp-json\/wp\/v2\/users\/1"}],"replies":[{"embeddable":true,"href":"https:\/\/aux20plaisirs.fr\/es\/wp-json\/wp\/v2\/comments?post=778"}],"version-history":[{"count":1,"href":"https:\/\/aux20plaisirs.fr\/es\/wp-json\/wp\/v2\/pages\/778\/revisions"}],"predecessor-version":[{"id":1198,"href":"https:\/\/aux20plaisirs.fr\/es\/wp-json\/wp\/v2\/pages\/778\/revisions\/1198"}],"wp:attachment":[{"href":"https:\/\/aux20plaisirs.fr\/es\/wp-json\/wp\/v2\/media?parent=778"}],"curies":[{"name":"wp","href":"https:\/\/api.w.org\/{rel}","templated":true}]}}