{"id":826,"date":"2025-12-09T15:42:40","date_gmt":"2025-12-09T14:42:40","guid":{"rendered":"https:\/\/aux20plaisirs.fr\/?page_id=826"},"modified":"2025-12-19T16:07:07","modified_gmt":"2025-12-19T15:07:07","slug":"cheques-regalo","status":"publish","type":"page","link":"https:\/\/aux20plaisirs.fr\/es\/cheques-regalo\/","title":{"rendered":"Cheques regalo"},"content":{"rendered":"<div data-elementor-type=\"wp-page\" data-elementor-id=\"826\" class=\"elementor elementor-826\" data-elementor-post-type=\"page\">\n\t\t\t\t<div class=\"elementor-element elementor-element-395bcae e-flex e-con-boxed e-con e-parent\" data-id=\"395bcae\" data-element_type=\"container\" data-settings=\"{&quot;background_background&quot;:&quot;classic&quot;}\">\n\t\t\t\t\t<div class=\"e-con-inner\">\n\t\t<div class=\"elementor-element elementor-element-ab6a00e e-con-full e-flex elementor-invisible e-con e-child\" data-id=\"ab6a00e\" data-element_type=\"container\" data-settings=\"{&quot;animation&quot;:&quot;fadeInUp&quot;,&quot;animation_delay&quot;:&quot;200&quot;}\">\n\t\t\t\t<div class=\"elementor-element elementor-element-28c92df elementor-widget-divider--view-line_text elementor-widget-divider--element-align-center elementor-widget elementor-widget-divider\" data-id=\"28c92df\" data-element_type=\"widget\" data-widget_type=\"divider.default\">\n\t\t\t\t\t\t\t<div class=\"elementor-divider\">\n\t\t\t<span class=\"elementor-divider-separator\">\n\t\t\t\t\t\t<\/span>\n\t\t<\/div>\n\t\t\t\t\t\t<\/div>\n\t\t\t\t<\/div>\n\t\t\t\t\t<\/div>\n\t\t\t\t<\/div>\n\t\t<div class=\"elementor-element elementor-element-59583d9 e-flex e-con-boxed e-con e-parent\" data-id=\"59583d9\" data-element_type=\"container\">\n\t\t\t\t\t<div class=\"e-con-inner\">\n\t\t<div class=\"elementor-element elementor-element-c37954e e-con-full e-flex e-con e-child\" data-id=\"c37954e\" data-element_type=\"container\">\n\t\t<div class=\"elementor-element elementor-element-3df5174 e-con-full e-flex e-con e-child\" data-id=\"3df5174\" data-element_type=\"container\">\n\t\t<div class=\"elementor-element elementor-element-2c2305a e-con-full e-flex elementor-invisible e-con e-child\" data-id=\"2c2305a\" data-element_type=\"container\" data-settings=\"{&quot;animation&quot;:&quot;fadeIn&quot;,&quot;animation_delay&quot;:&quot;200&quot;}\">\n\t\t\t\t<div class=\"elementor-element elementor-element-3d90b25 elementor-widget elementor-widget-image\" data-id=\"3d90b25\" data-element_type=\"widget\" data-widget_type=\"image.default\">\n\t\t\t\t\t\t\t\t\t\t\t\t\t\t\t<img fetchpriority=\"high\" decoding=\"async\" width=\"800\" height=\"782\" src=\"https:\/\/aux20plaisirs.fr\/wp-content\/uploads\/2025\/10\/2-1024x1001.png\" class=\"attachment-large size-large wp-image-12\" alt=\"Aux 20 Plaisirs vinoteca plaisance du touch\" srcset=\"https:\/\/aux20plaisirs.fr\/wp-content\/uploads\/2025\/10\/2-1024x1001.png 1024w, https:\/\/aux20plaisirs.fr\/wp-content\/uploads\/2025\/10\/2-600x586.png 600w, https:\/\/aux20plaisirs.fr\/wp-content\/uploads\/2025\/10\/2-300x293.png 300w, https:\/\/aux20plaisirs.fr\/wp-content\/uploads\/2025\/10\/2-768x750.png 768w, https:\/\/aux20plaisirs.fr\/wp-content\/uploads\/2025\/10\/2.png 1178w\" sizes=\"(max-width: 800px) 100vw, 800px\" \/>\t\t\t\t\t\t\t\t\t\t\t\t\t\t\t<\/div>\n\t\t\t\t<div class=\"elementor-element elementor-element-45f8b2a elementor-widget-divider--view-line_text elementor-widget-divider--element-align-left elementor-widget elementor-widget-divider\" data-id=\"45f8b2a\" data-element_type=\"widget\" data-widget_type=\"divider.default\">\n\t\t\t\t\t\t\t<div class=\"elementor-divider\">\n\t\t\t<span class=\"elementor-divider-separator\">\n\t\t\t\t\t\t\t<h2 class=\"elementor-divider__text elementor-divider__element\">\n\t\t\t\tCheques regalo \t\t\t\t<\/h2>\n\t\t\t\t\t\t<\/span>\n\t\t<\/div>\n\t\t\t\t\t\t<\/div>\n\t\t\t\t<div class=\"elementor-element elementor-element-7ffd7a0 elementor-widget elementor-widget-heading\" data-id=\"7ffd7a0\" data-element_type=\"widget\" data-widget_type=\"heading.default\">\n\t\t\t\t\t<h2 class=\"elementor-heading-title elementor-size-default\">Oferta A Los 20 Placeres<\/h2>\t\t\t\t<\/div>\n\t\t\t\t<div class=\"elementor-element elementor-element-be56df0 elementor-widget elementor-widget-text-editor\" data-id=\"be56df0\" data-element_type=\"widget\" data-widget_type=\"text-editor.default\">\n\t\t\t\t\t\t\t\t\t<p>Obsequie a sus seres queridos con nuestros cheques regalo Aux 20 Plaisirs. P\u00f3ngase en contacto con nosotros por tel\u00e9fono en el 05 61 06 80 71 para obtener m\u00e1s informaci\u00f3n.<\/p>\t\t\t\t\t\t\t\t<\/div>\n\t\t\t\t<div class=\"elementor-element elementor-element-44892d0 elementor-mobile-align-center elementor-invisible elementor-widget elementor-widget-button\" data-id=\"44892d0\" data-element_type=\"widget\" data-settings=\"{&quot;_animation&quot;:&quot;fadeInUp&quot;,&quot;_animation_delay&quot;:&quot;600&quot;}\" data-widget_type=\"button.default\">\n\t\t\t\t\t\t\t\t\t\t<a class=\"elementor-button elementor-button-link elementor-size-sm\" href=\"tel:+33561068071\">\n\t\t\t\t\t\t<span class=\"elementor-button-content-wrapper\">\n\t\t\t\t\t\t<span class=\"elementor-button-icon\">\n\t\t\t\t<svg aria-hidden=\"true\" class=\"e-font-icon-svg e-fas-phone-alt\" viewbox=\"0 0 512 512\" xmlns=\"http:\/\/www.w3.org\/2000\/svg\"><path d=\"M497.39 361.8l-112-48a24 24 0 0 0-28 6.9l-49.6 60.6A370.66 370.66 0 0 1 130.6 204.11l60.6-49.6a23.94 23.94 0 0 0 6.9-28l-48-112A24.16 24.16 0 0 0 122.6.61l-104 24A24 24 0 0 0 0 48c0 256.5 207.9 464 464 464a24 24 0 0 0 23.4-18.6l24-104a24.29 24.29 0 0 0-14.01-27.6z\"><\/path><\/svg>\t\t\t<\/span>\n\t\t\t\t\t\t\t\t\t<span class=\"elementor-button-text\">Llame a<\/span>\n\t\t\t\t\t<\/span>\n\t\t\t\t\t<\/a>\n\t\t\t\t\t\t\t\t<\/div>\n\t\t\t\t<\/div>\n\t\t\t\t<\/div>\n\t\t\t\t<\/div>\n\t\t\t\t\t<\/div>\n\t\t\t\t<\/div>\n\t\t\t\t<\/div>","protected":false},"excerpt":{"rendered":"<p>Cheques regalo de Aux 20 Plaisirs Obsequie a sus seres queridos con nuestros cheques regalo Aux 20 Plaisirs. P\u00f3ngase en contacto con nosotros por tel\u00e9fono en el 05 61 06 80 71 para m\u00e1s informaci\u00f3n Llame al<\/p>","protected":false},"author":1,"featured_media":731,"parent":0,"menu_order":0,"comment_status":"closed","ping_status":"closed","template":"","meta":{"footnotes":""},"class_list":["post-826","page","type-page","status-publish","has-post-thumbnail","hentry"],"yoast_head":"<!-- This site is optimized with the Yoast SEO plugin v26.6 - https:\/\/yoast.com\/wordpress\/plugins\/seo\/ -->\n<title>Bons Cadeaux - Aux 20 Plaisirs<\/title>\n<meta name=\"description\" content=\"Bons cadeaux offrir Aux 20 Plaisirs bar \u00e0 vins \u00e0 plaisance du Touch, afterwork amis privatisation bar proche Toulouse.\" \/>\n<meta name=\"robots\" content=\"index, follow, max-snippet:-1, max-image-preview:large, max-video-preview:-1\" \/>\n<link rel=\"canonical\" href=\"https:\/\/aux20plaisirs.fr\/es\/cheques-regalo\/\" \/>\n<meta property=\"og:locale\" content=\"es_ES\" \/>\n<meta property=\"og:type\" content=\"article\" \/>\n<meta property=\"og:title\" content=\"Bons Cadeaux - Aux 20 Plaisirs\" \/>\n<meta property=\"og:description\" content=\"Bons cadeaux offrir Aux 20 Plaisirs bar \u00e0 vins \u00e0 plaisance du Touch, afterwork amis privatisation bar proche Toulouse.\" \/>\n<meta property=\"og:url\" content=\"https:\/\/aux20plaisirs.fr\/es\/cheques-regalo\/\" \/>\n<meta property=\"og:site_name\" content=\"Aux 20 Plaisirs\" \/>\n<meta property=\"article:modified_time\" content=\"2025-12-19T15:07:07+00:00\" \/>\n<meta property=\"og:image\" content=\"https:\/\/aux20plaisirs.fr\/wp-content\/uploads\/2025\/11\/fav.jpg\" \/>\n\t<meta property=\"og:image:width\" content=\"324\" \/>\n\t<meta property=\"og:image:height\" content=\"274\" \/>\n\t<meta property=\"og:image:type\" content=\"image\/jpeg\" \/>\n<meta name=\"twitter:card\" content=\"summary_large_image\" \/>\n<meta name=\"twitter:label1\" content=\"Tiempo de lectura\" \/>\n\t<meta name=\"twitter:data1\" content=\"1 minuto\" \/>\n<script type=\"application\/ld+json\" class=\"yoast-schema-graph\">{\"@context\":\"https:\/\/schema.org\",\"@graph\":[{\"@type\":\"WebPage\",\"@id\":\"https:\/\/aux20plaisirs.fr\/bons-cadeaux\/\",\"url\":\"https:\/\/aux20plaisirs.fr\/bons-cadeaux\/\",\"name\":\"Bons Cadeaux - Aux 20 Plaisirs\",\"isPartOf\":{\"@id\":\"https:\/\/aux20plaisirs.fr\/#website\"},\"primaryImageOfPage\":{\"@id\":\"https:\/\/aux20plaisirs.fr\/bons-cadeaux\/#primaryimage\"},\"image\":{\"@id\":\"https:\/\/aux20plaisirs.fr\/bons-cadeaux\/#primaryimage\"},\"thumbnailUrl\":\"https:\/\/aux20plaisirs.fr\/wp-content\/uploads\/2025\/11\/fav.jpg\",\"datePublished\":\"2025-12-09T14:42:40+00:00\",\"dateModified\":\"2025-12-19T15:07:07+00:00\",\"description\":\"Bons cadeaux offrir Aux 20 Plaisirs bar \u00e0 vins \u00e0 plaisance du Touch, afterwork amis privatisation bar proche Toulouse.\",\"breadcrumb\":{\"@id\":\"https:\/\/aux20plaisirs.fr\/bons-cadeaux\/#breadcrumb\"},\"inLanguage\":\"es\",\"potentialAction\":[{\"@type\":\"ReadAction\",\"target\":[\"https:\/\/aux20plaisirs.fr\/bons-cadeaux\/\"]}]},{\"@type\":\"ImageObject\",\"inLanguage\":\"es\",\"@id\":\"https:\/\/aux20plaisirs.fr\/bons-cadeaux\/#primaryimage\",\"url\":\"https:\/\/aux20plaisirs.fr\/wp-content\/uploads\/2025\/11\/fav.jpg\",\"contentUrl\":\"https:\/\/aux20plaisirs.fr\/wp-content\/uploads\/2025\/11\/fav.jpg\",\"width\":324,\"height\":274,\"caption\":\"Visuel partenaire \u00ab fav \u00bb\"},{\"@type\":\"BreadcrumbList\",\"@id\":\"https:\/\/aux20plaisirs.fr\/bons-cadeaux\/#breadcrumb\",\"itemListElement\":[{\"@type\":\"ListItem\",\"position\":1,\"name\":\"Accueil\",\"item\":\"https:\/\/aux20plaisirs.fr\/\"},{\"@type\":\"ListItem\",\"position\":2,\"name\":\"Bons Cadeaux\"}]},{\"@type\":\"WebSite\",\"@id\":\"https:\/\/aux20plaisirs.fr\/#website\",\"url\":\"https:\/\/aux20plaisirs.fr\/\",\"name\":\"Aux 20 Plaisirs\",\"description\":\"\",\"publisher\":{\"@id\":\"https:\/\/aux20plaisirs.fr\/#organization\"},\"potentialAction\":[{\"@type\":\"SearchAction\",\"target\":{\"@type\":\"EntryPoint\",\"urlTemplate\":\"https:\/\/aux20plaisirs.fr\/?s={search_term_string}\"},\"query-input\":{\"@type\":\"PropertyValueSpecification\",\"valueRequired\":true,\"valueName\":\"search_term_string\"}}],\"inLanguage\":\"es\"},{\"@type\":\"Organization\",\"@id\":\"https:\/\/aux20plaisirs.fr\/#organization\",\"name\":\"Aux 20 Plaisirs\",\"url\":\"https:\/\/aux20plaisirs.fr\/\",\"logo\":{\"@type\":\"ImageObject\",\"inLanguage\":\"es\",\"@id\":\"https:\/\/aux20plaisirs.fr\/#\/schema\/logo\/image\/\",\"url\":\"https:\/\/aux20plaisirs.fr\/wp-content\/uploads\/2025\/10\/2.png\",\"contentUrl\":\"https:\/\/aux20plaisirs.fr\/wp-content\/uploads\/2025\/10\/2.png\",\"width\":1178,\"height\":1151,\"caption\":\"Aux 20 Plaisirs\"},\"image\":{\"@id\":\"https:\/\/aux20plaisirs.fr\/#\/schema\/logo\/image\/\"}}]}<\/script>\n<!-- \/ Yoast SEO plugin. -->","yoast_head_json":{"title":"Cheques regalo - Aux 20 Plaisirs","description":"Cheques regalo para Aux 20 Plaisirs bar de vinos en plaisance du Touch, afterwork amigos bar privatizaci\u00f3n cerca de Toulouse.","robots":{"index":"index","follow":"follow","max-snippet":"max-snippet:-1","max-image-preview":"max-image-preview:large","max-video-preview":"max-video-preview:-1"},"canonical":"https:\/\/aux20plaisirs.fr\/es\/cheques-regalo\/","og_locale":"es_ES","og_type":"article","og_title":"Bons Cadeaux - Aux 20 Plaisirs","og_description":"Bons cadeaux offrir Aux 20 Plaisirs bar \u00e0 vins \u00e0 plaisance du Touch, afterwork amis privatisation bar proche Toulouse.","og_url":"https:\/\/aux20plaisirs.fr\/es\/cheques-regalo\/","og_site_name":"Aux 20 Plaisirs","article_modified_time":"2025-12-19T15:07:07+00:00","og_image":[{"width":324,"height":274,"url":"https:\/\/aux20plaisirs.fr\/wp-content\/uploads\/2025\/11\/fav.jpg","type":"image\/jpeg"}],"twitter_card":"summary_large_image","twitter_misc":{"Tiempo de lectura":"1 minuto"},"schema":{"@context":"https:\/\/schema.org","@graph":[{"@type":"WebPage","@id":"https:\/\/aux20plaisirs.fr\/bons-cadeaux\/","url":"https:\/\/aux20plaisirs.fr\/bons-cadeaux\/","name":"Cheques regalo - Aux 20 Plaisirs","isPartOf":{"@id":"https:\/\/aux20plaisirs.fr\/#website"},"primaryImageOfPage":{"@id":"https:\/\/aux20plaisirs.fr\/bons-cadeaux\/#primaryimage"},"image":{"@id":"https:\/\/aux20plaisirs.fr\/bons-cadeaux\/#primaryimage"},"thumbnailUrl":"https:\/\/aux20plaisirs.fr\/wp-content\/uploads\/2025\/11\/fav.jpg","datePublished":"2025-12-09T14:42:40+00:00","dateModified":"2025-12-19T15:07:07+00:00","description":"Cheques regalo para Aux 20 Plaisirs bar de vinos en plaisance du Touch, afterwork amigos bar privatizaci\u00f3n cerca de Toulouse.","breadcrumb":{"@id":"https:\/\/aux20plaisirs.fr\/bons-cadeaux\/#breadcrumb"},"inLanguage":"es","potentialAction":[{"@type":"ReadAction","target":["https:\/\/aux20plaisirs.fr\/bons-cadeaux\/"]}]},{"@type":"ImageObject","inLanguage":"es","@id":"https:\/\/aux20plaisirs.fr\/bons-cadeaux\/#primaryimage","url":"https:\/\/aux20plaisirs.fr\/wp-content\/uploads\/2025\/11\/fav.jpg","contentUrl":"https:\/\/aux20plaisirs.fr\/wp-content\/uploads\/2025\/11\/fav.jpg","width":324,"height":274,"caption":"Visuel partenaire \u00ab fav \u00bb"},{"@type":"BreadcrumbList","@id":"https:\/\/aux20plaisirs.fr\/bons-cadeaux\/#breadcrumb","itemListElement":[{"@type":"ListItem","position":1,"name":"Accueil","item":"https:\/\/aux20plaisirs.fr\/"},{"@type":"ListItem","position":2,"name":"Bons Cadeaux"}]},{"@type":"WebSite","@id":"https:\/\/aux20plaisirs.fr\/#website","url":"https:\/\/aux20plaisirs.fr\/","name":"Aux 20 Plaisirs","description":"","publisher":{"@id":"https:\/\/aux20plaisirs.fr\/#organization"},"potentialAction":[{"@type":"SearchAction","target":{"@type":"EntryPoint","urlTemplate":"https:\/\/aux20plaisirs.fr\/?s={search_term_string}"},"query-input":{"@type":"PropertyValueSpecification","valueRequired":true,"valueName":"search_term_string"}}],"inLanguage":"es"},{"@type":"Organization","@id":"https:\/\/aux20plaisirs.fr\/#organization","name":"Aux 20 Plaisirs","url":"https:\/\/aux20plaisirs.fr\/","logo":{"@type":"ImageObject","inLanguage":"es","@id":"https:\/\/aux20plaisirs.fr\/#\/schema\/logo\/image\/","url":"https:\/\/aux20plaisirs.fr\/wp-content\/uploads\/2025\/10\/2.png","contentUrl":"https:\/\/aux20plaisirs.fr\/wp-content\/uploads\/2025\/10\/2.png","width":1178,"height":1151,"caption":"Aux 20 Plaisirs"},"image":{"@id":"https:\/\/aux20plaisirs.fr\/#\/schema\/logo\/image\/"}}]}},"_links":{"self":[{"href":"https:\/\/aux20plaisirs.fr\/es\/wp-json\/wp\/v2\/pages\/826","targetHints":{"allow":["GET"]}}],"collection":[{"href":"https:\/\/aux20plaisirs.fr\/es\/wp-json\/wp\/v2\/pages"}],"about":[{"href":"https:\/\/aux20plaisirs.fr\/es\/wp-json\/wp\/v2\/types\/page"}],"author":[{"embeddable":true,"href":"https:\/\/aux20plaisirs.fr\/es\/wp-json\/wp\/v2\/users\/1"}],"replies":[{"embeddable":true,"href":"https:\/\/aux20plaisirs.fr\/es\/wp-json\/wp\/v2\/comments?post=826"}],"version-history":[{"count":0,"href":"https:\/\/aux20plaisirs.fr\/es\/wp-json\/wp\/v2\/pages\/826\/revisions"}],"wp:featuredmedia":[{"embeddable":true,"href":"https:\/\/aux20plaisirs.fr\/es\/wp-json\/wp\/v2\/media\/731"}],"wp:attachment":[{"href":"https:\/\/aux20plaisirs.fr\/es\/wp-json\/wp\/v2\/media?parent=826"}],"curies":[{"name":"wp","href":"https:\/\/api.w.org\/{rel}","templated":true}]}}